{"id":21,"date":"2023-08-16T22:13:01","date_gmt":"2023-08-16T20:13:01","guid":{"rendered":"http:\/\/atropos.pl\/?page_id=21"},"modified":"2023-08-18T21:45:09","modified_gmt":"2023-08-18T19:45:09","slug":"future","status":"publish","type":"page","link":"http:\/\/atropos.pl\/?page_id=21&lang=pl","title":{"rendered":"Future"},"content":{"rendered":"\n<div class=\"wp-block-columns is-layout-flex wp-container-core-columns-is-layout-9d6595d7 wp-block-columns-is-layout-flex\">\n<div class=\"wp-block-column is-layout-flow wp-block-column-is-layout-flow\" style=\"flex-basis:66.66%\">\n<p>Znamy bardzo dobrze warto\u015b\u0107 tej historii jaka napisa\u0142a si\u0119 pod nazw\u0105 Atropos. Jeste\u015bmy ni\u0105 dumni i dbamy, aby chwilowe potrzeby ego nie deprecjonowa\u0142y jej warto\u015bci. Chcemy, by ka\u017cdy przejaw aktywno\u015bci by\u0142 przemy\u015blany, dopracowany i warty po\u015bwi\u0119conego przez Ciebie czasu. <\/p>\n\n\n\n<p>Przysz\u0142o\u015b\u0107 zawsze zaczyna si\u0119 w przesz\u0142o\u015bci. Poj\u0119cie Moiry wywodzi si\u0119 jeszcze z mrok\u00f3w wierze\u0144 myke\u0144skich i przedgreckich. Oznacza\u0142o ono dos\u0142ownie cz\u0119\u015b\u0107 \u0142up\u00f3w z bitwy, kt\u00f3ra przypada\u0142a wojownikowi zgodnie z odwieczn\u0105 tradycj\u0105. Uzyskanie wi\u0119cej ni\u017c tej uczciwej cz\u0119\u015bci \u0142up\u00f3w czy chwa\u0142y by\u0142o mo\u017cliwe, ale wi\u0105za\u0142o si\u0119 te\u017c zawsze z powa\u017cnymi konsekwencjami, gdy\u017c naruszany by\u0142 naturalny porz\u0105dek rzeczy. W epoce myke\u0144skiej odpowiedzialno\u015b\u0107 za t\u0105 dziedzin\u0119 przypisywano daemonowi Aisa, kt\u00f3ry p\u00f3\u017aniej sta\u0142 si\u0119 Moir\u0105, a w klasycznej Grecji Atropos. Z tej historii wywodzi si\u0119 ca\u0142a znana koncepcja losu. <\/p>\n\n\n\n<p>Ka\u017cdy z nas, kto bra\u0142 udzia\u0142 w tej przygodzie pod nazw\u0105 Atropos przez ostatnie 29 lat, otrzyma\u0142 swoj\u0105 poka\u017an\u0105 porcj\u0119 \u0142up\u00f3w. Smakowity, t\u0142usty k\u0105sek wspomnie\u0144, kt\u00f3ry zaspokoi\u0142 potrzeby. Czasem na chwil\u0119, czasem na zawsze. <\/p>\n\n\n\n<p>Ci z nas, kt\u00f3rzy chc\u0105 wi\u0119cej, si\u0119gn\u0105 po to niebawem. Gdy nadejdzie w\u0142a\u015bciwy czas.<\/p>\n<\/div>\n\n\n\n<div class=\"wp-block-column is-layout-flow wp-block-column-is-layout-flow\" style=\"flex-basis:33.33%\"><\/div>\n<\/div>\n","protected":false},"excerpt":{"rendered":"<p>Znamy bardzo dobrze warto\u015b\u0107 tej historii jaka napisa\u0142a si\u0119 pod nazw\u0105 Atropos. Jeste\u015bmy ni\u0105 dumni i dbamy, aby chwilowe potrzeby ego nie deprecjonowa\u0142y jej warto\u015bci. Chcemy, by ka\u017cdy przejaw aktywno\u015bci<a href=\"http:\/\/atropos.pl\/?page_id=21&#038;lang=pl\" class=\"more-link\"><span class=\"readmore\">Continue reading<span class=\"screen-reader-text\">Future<\/span><\/span><\/a><\/p>\n","protected":false},"author":1,"featured_media":59,"parent":0,"menu_order":0,"comment_status":"closed","ping_status":"closed","template":"","meta":{"footnotes":""},"class_list":["post-21","page","type-page","status-publish","has-post-thumbnail","hentry"],"_links":{"self":[{"href":"http:\/\/atropos.pl\/index.php?rest_route=\/wp\/v2\/pages\/21","targetHints":{"allow":["GET"]}}],"collection":[{"href":"http:\/\/atropos.pl\/index.php?rest_route=\/wp\/v2\/pages"}],"about":[{"href":"http:\/\/atropos.pl\/index.php?rest_route=\/wp\/v2\/types\/page"}],"author":[{"embeddable":true,"href":"http:\/\/atropos.pl\/index.php?rest_route=\/wp\/v2\/users\/1"}],"replies":[{"embeddable":true,"href":"http:\/\/atropos.pl\/index.php?rest_route=%2Fwp%2Fv2%2Fcomments&post=21"}],"version-history":[{"count":20,"href":"http:\/\/atropos.pl\/index.php?rest_route=\/wp\/v2\/pages\/21\/revisions"}],"predecessor-version":[{"id":196,"href":"http:\/\/atropos.pl\/index.php?rest_route=\/wp\/v2\/pages\/21\/revisions\/196"}],"wp:featuredmedia":[{"embeddable":true,"href":"http:\/\/atropos.pl\/index.php?rest_route=\/wp\/v2\/media\/59"}],"wp:attachment":[{"href":"http:\/\/atropos.pl\/index.php?rest_route=%2Fwp%2Fv2%2Fmedia&parent=21"}],"curies":[{"name":"wp","href":"https:\/\/api.w.org\/{rel}","templated":true}]}}